{"id":56,"date":"2015-01-07T17:52:58","date_gmt":"2015-01-07T16:52:58","guid":{"rendered":"http:\/\/aaquarks.com\/blog\/?page_id=56"},"modified":"2016-06-29T11:10:18","modified_gmt":"2016-06-29T09:10:18","slug":"observatorio-de-la-fresnedilla","status":"publish","type":"page","link":"https:\/\/aaquarks.com\/blog\/?page_id=56","title":{"rendered":"Observatorio de La Fresnedilla"},"content":{"rendered":"<h1 style=\"text-align: center;\">Centro de Divulgaci\u00f3n Astron\u00f3mico de la Fresnedilla, Villacarrillo-Ja\u00e9n<\/h1>\n<p><a href=\"http:\/\/www.observatoriodelafresnedilla.aaquarks.com\/\"><img loading=\"lazy\" decoding=\"async\" class=\"aligncenter size-full wp-image-2137\" src=\"http:\/\/elseptimocielo.fundaciondescubre.es\/wp-content\/blogs.dir\/12\/files\/2014\/10\/cabecera-Fresnedilla1.jpg\" alt=\"\" width=\"599\" height=\"265\" \/><\/a><\/p>\n<p>&nbsp;<\/p>\n<h4>Centro de Divulgaci\u00f3n Astron\u00f3mico de la Fresnedilla.\u00a0P.N. Cazorla, Segura y las Villas. Villacarrillo-Ja\u00e9n<\/h4>\n<p><a href=\"http:\/\/elseptimocielo.fundaciondescubre.es\/2014\/10\/06\/centro-de-divulgacion-astronomico-de-la-fresnedilla-villacarrillo-jaen\/img_0916\/\" rel=\"attachment wp-att-2292\"><img loading=\"lazy\" decoding=\"async\" class=\"alignleft size-large wp-image-2292\" src=\"http:\/\/elseptimocielo.fundaciondescubre.es\/wp-content\/blogs.dir\/12\/files\/2014\/10\/IMG_0916-1024x569.jpg\" alt=\"\" width=\"1024\" height=\"569\" \/><\/a><\/p>\n<p>En 2009 abri\u00f3 sus puertas el Centro de Divulgaci\u00f3n Astron\u00f3mico de la Fresnedilla. Desarrollado en colaboraci\u00f3n con el Exmo. Ayuntamiento de Villacarrillo, la Consejer\u00eda de Turismo, Comercio y Deporte de la Junta de Andaluc\u00eda y la colaboraci\u00f3n del Consorcio Parque de las Ciencias de Granada, este centro surge de la necesidad de desarrollar actividades espec\u00edficas de divulgaci\u00f3n e investigaci\u00f3n astron\u00f3mica en un cielo oscuro de excelente calidad, disponiendo de una infraestructura estable y permanente de f\u00e1cil acceso para el p\u00fablico general.<\/p>\n<p><a href=\"http:\/\/elseptimocielo.fundaciondescubre.es\/2014\/10\/06\/centro-de-divulgacion-astronomico-de-la-fresnedilla-villacarrillo-jaen\/_dsc6629_p\/\" rel=\"attachment wp-att-2259\"><img loading=\"lazy\" decoding=\"async\" class=\"alignleft size-thumbnail wp-image-2259\" src=\"http:\/\/elseptimocielo.fundaciondescubre.es\/wp-content\/blogs.dir\/12\/files\/2014\/10\/DSC6629_p-220x129.jpg\" alt=\"\" width=\"220\" height=\"129\" \/><\/a>\u00a0El Observatorio de la Fresnedilla se encuentra en el coraz\u00f3n del Parque Natural m\u00e1s extenso del Sur de Europa, el P.N. de Cazorla, Segura y las Villas, un atractivo natural \u00fanico, que atrae cada a\u00f1o a m\u00e1s de 200.000 visitantes.<\/p>\n<p>&nbsp;<\/p>\n<p><a href=\"http:\/\/elseptimocielo.fundaciondescubre.es\/2014\/10\/06\/centro-de-divulgacion-astronomico-de-la-fresnedilla-villacarrillo-jaen\/_dsc6587_p\/\" rel=\"attachment wp-att-2260\"><img loading=\"lazy\" decoding=\"async\" class=\" size-thumbnail wp-image-2260 alignright\" src=\"http:\/\/elseptimocielo.fundaciondescubre.es\/wp-content\/blogs.dir\/12\/files\/2014\/10\/DSC6587_p-220x121.jpg\" alt=\"\" width=\"220\" height=\"121\" \/><\/a>En el\u00a0entorno del observatorio podemos visitar parajes con un encanto especial: Navazalto, cascada de Chorrogil, entorno de Aguascebas, Pe\u00f1acorba,\u2026que se incorporan a la actividad que desarrolla el observatorio a trav\u00e9s de rutas did\u00e1cticas guiadas, senderismo nocturno y t\u00e9cnicas de orientaci\u00f3n y sesiones de o<img loading=\"lazy\" decoding=\"async\" class=\" size-medium wp-image-2266 alignright\" src=\"http:\/\/elseptimocielo.fundaciondescubre.es\/wp-content\/blogs.dir\/12\/files\/2014\/10\/17-500x210.jpg\" alt=\"\" width=\"500\" height=\"210\" \/>bservaci\u00f3n en parajes emblem\u00e1ticos.<\/p>\n<h4>Espacios y equipamiento<\/h4>\n<p>El dise\u00f1o y previsi\u00f3n de\u00a0espacios\u00a0del observatorio est\u00e1 en funci\u00f3n de los distintos servicios que ofrece al visitante, partiendo de una concepci\u00f3n modesta y funcional. Dispone de tres espacios diferenciados:<\/p>\n<p><a href=\"http:\/\/elseptimocielo.fundaciondescubre.es\/2014\/10\/06\/centro-de-divulgacion-astronomico-de-la-fresnedilla-villacarrillo-jaen\/img_2921\/\" rel=\"attachment wp-att-2296\"><img loading=\"lazy\" decoding=\"async\" class=\"alignleft size-thumbnail wp-image-2296\" src=\"http:\/\/elseptimocielo.fundaciondescubre.es\/wp-content\/blogs.dir\/12\/files\/2014\/10\/IMG_2921-220x140.jpg\" alt=\"\" width=\"220\" height=\"140\" \/><\/a>\u00a0Sala de usos m\u00faltiples. Exposici\u00f3n de audiovisuales de producci\u00f3n propia con el objetivo de introducir al visitante en los temas de mayor inter\u00e9s y actualidad cient\u00edfica. Nos ofrece un espacio en el que llevar a cabo cursos, congresos, charlas y conferencias, desarrollo de talleres, exposiciones, introducci\u00f3n al uso de planisferios, de herramientas Web en el mundo de la\u00a0<a class=\"glossaryLink\" title=\"Glossary: Astronom\u00eda\" href=\"https:\/\/elseptimocielo.fundaciondescubre.es\/glosario\/astronomia\/\" data-tooltip=\"Pellentesque habitant morbi tristique(...) &lt;strong&gt;&lt;a class=&quot;glossaryTooltipMoreLink&quot; href=&quot;https:\/\/elseptimocielo.fundaciondescubre.es\/glosario\/astronomia\/&quot;&gt;Leer m\u00e1s...&lt;\/a&gt;&lt;\/strong&gt;\">astronom\u00eda<\/a>\u00a0y la astrof\u00edsica,\u2026<\/p>\n<p>Observatorio principal.\u00a0Es el coraz\u00f3n del centro, bajo una c\u00fapula de 5 m,\u00a0se aloja el equipamiento m\u00e1s puntero en el campo de la observaci\u00f3n astron\u00f3mica, entre ellos el telescopio principal de 460 mm de abertura totalmente computerizado y un Dark-Kirkham de 300 mm de excelente calidad \u00f3ptica dedicado exclusivamente a la fotograf\u00eda astron\u00f3mica. El equipamiento se completa con c\u00e1maras CCD de alta sensibilidad para captura de im\u00e1genes de cielo profundo y planetaria, filtros y rueda portafiltros computerizada, sistemas de autogu\u00eda y una estaci\u00f3n meteorol\u00f3gica automatizada que controla todos los sistemas de forma aut\u00f3noma\u2026<\/p>\n<p><a href=\"http:\/\/elseptimocielo.fundaciondescubre.es\/2014\/10\/06\/centro-de-divulgacion-astronomico-de-la-fresnedilla-villacarrillo-jaen\/_dsc6654_p\/\" rel=\"attachment wp-att-2272\"><img loading=\"lazy\" decoding=\"async\" class=\"alignleft size-medium wp-image-2272\" src=\"http:\/\/elseptimocielo.fundaciondescubre.es\/wp-content\/blogs.dir\/12\/files\/2014\/10\/DSC6654_p-500x257.jpg\" alt=\"\" width=\"500\" height=\"257\" \/><\/a><\/p>\n<p>Este completo equipo nos permite introducir al visitante en la magia de la observaci\u00f3n bajo c\u00fapula realizando observaciones en directo o a trav\u00e9s de monitor\u00a0 recibiendo en circuito cerrado tanto\u00a0 las im\u00e1genes del telescopio como del video o del ordenador. A su vez su programa de control remoto nos permitir\u00e1 en breve hacer uso de la instalaci\u00f3n On-line. Su avanzado equipamiento permite su uso por parte de equipos de investigaci\u00f3n y docencia.<\/p>\n<p>Solarium.\u00a0Situada al aire libre en la terraza, permite realizar sesiones de planetario natural con puntero L\u00e1ser verde, observaciones con prism\u00e1ticos de distinto calibre y con telescopios de diferente dise\u00f1o y funci\u00f3n (algunos de ellos de elaboraci\u00f3n propia).<\/p>\n<p><a href=\"http:\/\/elseptimocielo.fundaciondescubre.es\/2014\/10\/06\/centro-de-divulgacion-astronomico-de-la-fresnedilla-villacarrillo-jaen\/jornadas-fresnedilla-9\/\" rel=\"attachment wp-att-2300\"><img loading=\"lazy\" decoding=\"async\" class=\"alignleft size-thumbnail wp-image-2300\" src=\"http:\/\/elseptimocielo.fundaciondescubre.es\/wp-content\/blogs.dir\/12\/files\/2014\/10\/Jornadas-Fresnedilla-9-220x113.jpg\" alt=\"\" width=\"220\" height=\"113\" \/><\/a>\u00a0Se pretende introducir\u00a0 al visitante en las distintas t\u00e9cnicas y medios de observaci\u00f3n\u00a0 en funci\u00f3n del objeto a estudiar. Para esto haremos uso de planisferios y cartas estelares. As\u00ed mismo disponemos de cinco equipos secundarios con instrumental de iniciaci\u00f3n, avanzado y navegaci\u00f3n asistida.<\/p>\n<h4>Actividades<\/h4>\n<p>El observatorio de la Fresnedilla ofrece al usuario experiencias de alta calidad, exclusivas y programadas y supervisadas por profesionales con una dilatada experiencia en docencia y divulgaci\u00f3n.<\/p>\n<p><a href=\"http:\/\/elseptimocielo.fundaciondescubre.es\/2014\/10\/06\/centro-de-divulgacion-astronomico-de-la-fresnedilla-villacarrillo-jaen\/img_1612\/\" rel=\"attachment wp-att-2257\"><img loading=\"lazy\" decoding=\"async\" class=\"alignleft size-thumbnail wp-image-2257\" src=\"http:\/\/elseptimocielo.fundaciondescubre.es\/wp-content\/blogs.dir\/12\/files\/2014\/10\/IMG_1612-220x146.jpg\" alt=\"\" width=\"220\" height=\"146\" \/><\/a>\u00a0Nuestra entidad viene programando una serie de actividades que con el transcurso de los a\u00f1os se han consolidado, concret\u00e1ndose en nuestro Plan anual de actividades: Jornadas anuales de divulgaci\u00f3n, jornadas de puertas abiertas, cursos de formaci\u00f3n monitores y de iniciaci\u00f3n, cursos de astrofotograf\u00eda, sesiones de observaci\u00f3n, talleres, visitas guiadas, charlas en centros docentes y participaci\u00f3n en semanas culturales en los mismos, apoyo a congresos, visitas de profesionales a nuestros centros, exposiciones, cursos de\u00a0\u00a0Formaci\u00f3n de dinamizaci\u00f3n y divulgaci\u00f3n cient\u00edfica\u2026<\/p>\n<p><a href=\"http:\/\/elseptimocielo.fundaciondescubre.es\/2014\/10\/06\/centro-de-divulgacion-astronomico-de-la-fresnedilla-villacarrillo-jaen\/img_6645\/\" rel=\"attachment wp-att-2304\"><img loading=\"lazy\" decoding=\"async\" class=\"aligncenter size-large wp-image-2304\" src=\"http:\/\/elseptimocielo.fundaciondescubre.es\/wp-content\/blogs.dir\/12\/files\/2014\/10\/IMG_6645-1024x606.jpg\" alt=\"\" width=\"1024\" height=\"606\" \/><\/a>\u00a0La metodolog\u00eda que gu\u00eda la puesta en escena en cada propuesta permite la manipulaci\u00f3n, observaci\u00f3n e investigaci\u00f3n por parte de los participantes, haciendo uso de instrumentos did\u00e1cticos variados y de las \u00faltimas tecnolog\u00edas, tanto audiovisuales como de instrumentaci\u00f3n. Al mismo tiempo se utilizan canales cl\u00e1sicos y cercanos al visitante, desde murales, gu\u00edas de trabajo a Cuentacuentos y teatralizaciones. En definitiva apostamos de forma decidida por una metodolog\u00eda activa, variada, original y de calidad.<\/p>\n<p><a href=\"http:\/\/elseptimocielo.fundaciondescubre.es\/2014\/10\/06\/centro-de-divulgacion-astronomico-de-la-fresnedilla-villacarrillo-jaen\/img_7437\/\" rel=\"attachment wp-att-2306\"><img loading=\"lazy\" decoding=\"async\" class=\"aligncenter size-large wp-image-2306\" src=\"http:\/\/elseptimocielo.fundaciondescubre.es\/wp-content\/blogs.dir\/12\/files\/2014\/10\/IMG_7437-1024x705.jpg\" alt=\"\" width=\"1024\" height=\"705\" \/><\/a><\/p>\n<p>El completo equipamiento, el entorno natural en el que se encuentra y la calidad del cielo, hace de este espacio divulgativo un referente en nuestra comunidad, ofreciendo al visitante la oportunidad de realizar observaciones y actividades en un observatorio con prestaciones profesionales, aportando una nueva oferta alternativa de ocio y cultural al visitante del Parque Natural e incidiendo en el desarrollo tur\u00edstico de la zona con una actividad atractiva, de calidad y respetuosa con el medio.<\/p>\n<h4>Para m\u00e1s informaci\u00f3n y contacto:<\/h4>\n<p>Direcci\u00f3n.\u00a0Observatorio de la Fresnedilla.\u00a0Ctra. Transversal de las Villas km. 23. 23310 Mog\u00f3n- Villacarrillo- Ja\u00e9n<\/p>\n<p>E-mail:\u00a0<a href=\"mailto:aaquarks@aaquarks.com\">aaquarks@aaquarks.com<\/a><\/p>\n<p>Web:\u00a0<a href=\"http:\/\/www.observatoriodelafresnedilla.aaquarks.com\/\">www.observatoriodelafresnedilla.aaquarks.com<\/a><\/p>\n","protected":false},"excerpt":{"rendered":"<p>Centro de Divulgaci\u00f3n Astron\u00f3mico de la Fresnedilla, Villacarrillo-Ja\u00e9n &nbsp; Centro de Divulgaci\u00f3n Astron\u00f3mico de la Fresnedilla.\u00a0P.N. Cazorla, Segura y las Villas. Villacarrillo-Ja\u00e9n En 2009 abri\u00f3 sus puertas el Centro de Divulgaci\u00f3n Astron\u00f3mico de la&#46;&#46;&#46;<\/p>\n","protected":false},"author":1,"featured_media":0,"parent":0,"menu_order":0,"comment_status":"open","ping_status":"closed","template":"","meta":{"footnotes":""},"class_list":["post-56","page","type-page","status-publish","hentry"],"_links":{"self":[{"href":"https:\/\/aaquarks.com\/blog\/index.php?rest_route=\/wp\/v2\/pages\/56","targetHints":{"allow":["GET"]}}],"collection":[{"href":"https:\/\/aaquarks.com\/blog\/index.php?rest_route=\/wp\/v2\/pages"}],"about":[{"href":"https:\/\/aaquarks.com\/blog\/index.php?rest_route=\/wp\/v2\/types\/page"}],"author":[{"embeddable":true,"href":"https:\/\/aaquarks.com\/blog\/index.php?rest_route=\/wp\/v2\/users\/1"}],"replies":[{"embeddable":true,"href":"https:\/\/aaquarks.com\/blog\/index.php?rest_route=%2Fwp%2Fv2%2Fcomments&post=56"}],"version-history":[{"count":6,"href":"https:\/\/aaquarks.com\/blog\/index.php?rest_route=\/wp\/v2\/pages\/56\/revisions"}],"predecessor-version":[{"id":3781,"href":"https:\/\/aaquarks.com\/blog\/index.php?rest_route=\/wp\/v2\/pages\/56\/revisions\/3781"}],"wp:attachment":[{"href":"https:\/\/aaquarks.com\/blog\/index.php?rest_route=%2Fwp%2Fv2%2Fmedia&parent=56"}],"curies":[{"name":"wp","href":"https:\/\/api.w.org\/{rel}","templated":true}]}}