{"id":53,"date":"2015-01-07T17:52:30","date_gmt":"2015-01-07T16:52:30","guid":{"rendered":"http:\/\/aaquarks.com\/blog\/?page_id=53"},"modified":"2016-01-13T19:38:48","modified_gmt":"2016-01-13T18:38:48","slug":"planetario-de-ubeda","status":"publish","type":"page","link":"https:\/\/aaquarks.com\/blog\/?page_id=53","title":{"rendered":"Planetario de \u00dabeda"},"content":{"rendered":"<h1 style=\"text-align: center;\">Planetario de \u00dabeda, Ja\u00e9n<\/h1>\n<p><a href=\"http:\/\/aaquarks.com\/blog\/wp-content\/uploads\/2015\/01\/Captura-de-pantalla-2015-01-11-a-las-11.22.19.png\"><img loading=\"lazy\" decoding=\"async\" class=\"alignnone wp-image-76 size-full aligncenter\" src=\"http:\/\/aaquarks.com\/blog\/wp-content\/uploads\/2015\/01\/Captura-de-pantalla-2015-01-11-a-las-11.22.19.png\" alt=\"Planetario de \u00dabeda\" width=\"665\" height=\"228\" srcset=\"https:\/\/aaquarks.com\/blog\/wp-content\/uploads\/2015\/01\/Captura-de-pantalla-2015-01-11-a-las-11.22.19.png 665w, https:\/\/aaquarks.com\/blog\/wp-content\/uploads\/2015\/01\/Captura-de-pantalla-2015-01-11-a-las-11.22.19-300x103.png 300w\" sizes=\"auto, (max-width: 665px) 100vw, 665px\" \/><\/a><\/p>\n<h4><a href=\"http:\/\/www.aaquarks.com\/Asociacion_Astronomica_Quarks\/Planetario_de_Ubeda.html\">Planetario de \u00dabeda, Ja\u00e9n<\/a><\/h4>\n<p>Abierto al p\u00fablico desde 2001, el planetario de \u00dabeda ha sido dise\u00f1ado, desarrollado y construido de forma artesanal por miembros de la\u00a0<a href=\"http:\/\/www.aaquarks.com\/Asociacion_Astronomica_Quarks\/Portada\/Portada.html\">asociaci\u00f3n astron\u00f3mica Quarks<\/a>, incluyendo el dise\u00f1o del sistema de proyecci\u00f3n, c\u00fapula, computerizaci\u00f3n y desarrollo de los programas de planetario.\u00a0Este modelo de desarrollo lo convierte en un centro \u00fanico en su categor\u00eda en nuestro territorio.<\/p>\n<p><a href=\"http:\/\/elseptimocielo.fundaciondescubre.es\/2014\/10\/06\/planetario-de-ubeda-jaen\/panoramica-1\/\" rel=\"attachment wp-att-2112\"><img loading=\"lazy\" decoding=\"async\" class=\"aligncenter size-full wp-image-2112\" src=\"http:\/\/elseptimocielo.fundaciondescubre.es\/wp-content\/blogs.dir\/12\/files\/2014\/10\/Panoramica-1.jpg\" alt=\"\" width=\"950\" height=\"254\" \/><\/a><\/p>\n<p>El proyector principal es capaz de visualizar m\u00e1s de 3.000 estrellas de ambos hemisferios, muy puntuales y con gran variedad de magnitudes, lo que da un realismo extraordinario a la proyecci\u00f3n. Se proyectan asimismo los movimientos planetarios, Sol y Luna con sus fases. Los proyectores auxiliares permiten visualizar los distintos objetos de cielo profundo estudiados en las sesiones (c\u00famulos estelares, galaxias, nebulosas), adem\u00e1s de los c\u00edrculos meridiano, ecuador y ecl\u00edptica. Las proyecciones van acompa\u00f1adas de sonido envolvente que combinando el texto con la m\u00fasica, permiten una extraordinaria descripci\u00f3n del cielo nocturno.<\/p>\n<p><a href=\"http:\/\/elseptimocielo.fundaciondescubre.es\/2014\/10\/06\/planetario-de-ubeda-jaen\/h-santiago\/\" rel=\"attachment wp-att-2114\"><img loading=\"lazy\" decoding=\"async\" class=\"aligncenter size-full wp-image-2114\" src=\"http:\/\/elseptimocielo.fundaciondescubre.es\/wp-content\/blogs.dir\/12\/files\/2014\/10\/H.-Santiago.jpg\" alt=\"\" width=\"640\" height=\"296\" \/><\/a><\/p>\n<p>El Planetario se aloja en el Hospital de Santiago de \u00dabeda (Palacio de Congresos y Muestras de nuestra ciudad), edificio emblem\u00e1tico del Renacimiento Andaluz, permitiendo completar la actividad con la visita a la ciudad Patrimonio de la Humanidad.<\/p>\n<p><a href=\"http:\/\/elseptimocielo.fundaciondescubre.es\/2014\/10\/06\/planetario-de-ubeda-jaen\/el-renacimento-de-la-astronomia-2\/\" rel=\"attachment wp-att-2119\"><img loading=\"lazy\" decoding=\"async\" class=\"alignleft size-full wp-image-2119\" src=\"http:\/\/elseptimocielo.fundaciondescubre.es\/wp-content\/blogs.dir\/12\/files\/2014\/10\/EL-RENACIMENTO-DE-LA-ASTRONOMIA1.jpg\" alt=\"\" width=\"195\" height=\"209\" \/><\/a>\u00a0Desde 2011 se incorporan sistemas digitales de proyecci\u00f3n que incrementan su versatilidad y posibilidades did\u00e1cticas. En la actualidad el Planetario ofrece\u00a0<a href=\"http:\/\/www.aaquarks.com\/Asociacion_Astronomica_Quarks\/Planetario_de_Ubeda.html\">siete programas<\/a>\u00a0dirigidos a p\u00fablicos y edades diferentes, completando su oferta con actividades tales como talleres y observaciones solares y nocturnas, ciclos de cine cient\u00edfico, exposiciones y realizaci\u00f3n de experiencias.<\/p>\n<h4><\/h4>\n<h4><\/h4>\n<h4>Oferta educativa<\/h4>\n<p>Uno de los pilares en los que se basa todo el trabajo que viene desarrollando AAQUARKS en su cuarto de siglo de actividad est\u00e1 dirigido al apoyo a la labor docente,\u00a0aportando instrumental y monitores para la realizaci\u00f3n de actividades, asesorando al profesorado y colaborando en su formaci\u00f3n a trav\u00e9s de la publicaci\u00f3n de gu\u00edas did\u00e1cticas para la realizaci\u00f3n de actividades en el aula o la participaci\u00f3n en congresos y cursos de formaci\u00f3n de los CEPs de la zona.<\/p>\n<p><a href=\"http:\/\/elseptimocielo.fundaciondescubre.es\/2014\/10\/06\/planetario-de-ubeda-jaen\/exposicion-marte\/\" rel=\"attachment wp-att-2121\"><img loading=\"lazy\" decoding=\"async\" class=\"aligncenter size-full wp-image-2121\" src=\"http:\/\/elseptimocielo.fundaciondescubre.es\/wp-content\/blogs.dir\/12\/files\/2014\/10\/Exposici%C3%B3n-Marte.jpg\" alt=\"\" width=\"3024\" height=\"1644\" \/><\/a><\/p>\n<p>No se entender\u00eda el desarrollo de estas infraestructuras sin una vocaci\u00f3n evidente de uso did\u00e1ctico. En este sentido, la mayor parte de las visitas que reciben nuestros centros son grupos de escolares, con una demanda creciente, tanto en presencia de actividades como de naturaleza de las mismas. La oferta de actividades a grupos de escolares es abierta y variada incorporando acciones que van desde las propias observaciones del cielo con diverso instrumental, sesiones de planetario natural dirigido por monitores con punteros l\u00e1ser, y evidentemente sesiones de Planetario y talleres.<\/p>\n<p><a href=\"http:\/\/elseptimocielo.fundaciondescubre.es\/2014\/10\/06\/planetario-de-ubeda-jaen\/observacion-solar\/\" rel=\"attachment wp-att-2122\"><img loading=\"lazy\" decoding=\"async\" class=\"alignleft size-thumbnail wp-image-2122\" src=\"http:\/\/elseptimocielo.fundaciondescubre.es\/wp-content\/blogs.dir\/12\/files\/2014\/10\/Observaci%C3%B3n-solar-220x165.jpg\" alt=\"\" width=\"220\" height=\"165\" \/><\/a>\u00a0La metodolog\u00eda que gu\u00eda la puesta en escena en cada propuesta permite la manipulaci\u00f3n, observaci\u00f3n e investigaci\u00f3n por parte de los participantes, haciendo uso de instrumentos did\u00e1cticos variados y de las \u00faltimas tecnolog\u00edas, tanto audiovisuales como de instrumentaci\u00f3n. Al mismo tiempo se utilizan canales cl\u00e1sicos y cercanos al visitante, desde murales, gu\u00edas de trabajo a cuentacuentos y teatralizaciones. En definitiva, apostamos de forma decidida por una metodolog\u00eda activa, variada, original y de calidad.<\/p>\n<p>Esta filosof\u00eda de servicio a la comunidad educativa se concreta en el establecimiento de convenios con centros educativos para la celebraci\u00f3n de semanas de la ciencia y actividades a desarrollar en los propios centros, facilitando a las localidades del entorno la posibilidad de desarrollar acciones de divulgaci\u00f3n cient\u00edfica a medida de las necesidades de cada centro en el mismo recinto escolar.<\/p>\n<p>Una de las se\u00f1as de identidad del Planetario de \u00dabeda es la formaci\u00f3n de monitores desde edades tempranas, inici\u00e1ndoles en las t\u00e9cnicas de comunicaci\u00f3n y experimentaci\u00f3n. Con la puesta en marcha de estos programas formativos de\u00a0dinamizaci\u00f3n y animaci\u00f3n cient\u00edfica, el Planetario cubre sus necesidades de personal y logra presencia en\u00a0eventos\u00a0destacados como Ciencia en Acci\u00f3n, Jornadas de puertas abiertas del Parque de las Ciencias o la Noche de los Investigadores.<\/p>\n<h4>Novedades<\/h4>\n<p>Con motivo de la instalaci\u00f3n del nuevo sistema Full Dome\u00a0y de la ampliaci\u00f3n de espacios, el\u00a0 Planetario de \u00dabeda actualiza su oferta educativa:<\/p>\n<p><strong>A) Visita al Planetario de \u00dabeda. Hospital de Santiago<\/strong><\/p>\n<p><strong>Recepci\u00f3n y presentaci\u00f3n de la actividad<\/strong>. Duraci\u00f3n 10 min. Aprox.<\/p>\n<p><strong>Visita guiada y Taller \u201cDe la Tierra al Universo, la belleza de la evoluci\u00f3n del Cosmos\u201d<\/strong>. A trav\u00e9s de paneles y experiencias realizamos un viaje desde lo m\u00e1s lejano hasta nuestro entorno m\u00e1s pr\u00f3ximo: la formaci\u00f3n de las galaxias en los instantes m\u00e1s tempranos de nuestro Universo, el origen de las estrellas, nuestro Sistema Solar,\u2026<\/p>\n<p>Duraci\u00f3n 40 min. aprox.<\/p>\n<p><strong>Sesi\u00f3n de Planetario<\/strong>. Disponibles cuatro programas adaptadas a todos los niveles educativos, desde Infantil a Bachillerato. Duraci\u00f3n 30 min, aprox.<\/p>\n<p>Opcional. <strong>Observaci\u00f3n Solar<\/strong>.\u00a0 Utilizando instrumental espec\u00edfico podremos comprobar la actividad solar, manchas, llamaradas,\u2026 (sujeto a condiciones meteorol\u00f3gicas)<\/p>\n<p><strong>B) Ciencia en el Aula<\/strong><\/p>\n<p>El Planetario ofrece la posibilidad de realizar talleres experimentales de car\u00e1cter cient\u00edfico en el propio centro educativo: Electrost\u00e1tica, qu\u00edmica, astrof\u00edsica, observaciones astron\u00f3micas diurnas y nocturnas,\u2026adaptados a los distintos niveles educativos. Consulte disponibilidad.<\/p>\n<h4>Para m\u00e1s informaci\u00f3n y contacto:<\/h4>\n<p>Capacidad.\u00a035 plazas<\/p>\n<p>Direcci\u00f3n.\u00a0Planetario de \u00dabeda. Hospital de Santiago. Avda. Cristo Rey S\/N 23400 Ubeda-Ja\u00e9n<\/p>\n<p>E-mail:\u00a0<a href=\"mailto:planetariodeubeda@aaquarks.com\">planetariodeubeda@aaquarks.com<\/a>\u00a0 \u00f3 \u00a0<a href=\"https:\/\/elseptimocielo.fundaciondescubre.es\/2014\/10\/06\/planetario-de-ubeda-jaen\/aaquarks@aaquarks.com\">aaquarks@aaquarks.com<\/a><\/p>\n<p>Web:\u00a0<a href=\"http:\/\/www.planetariodeubeda.aaquarks.com\/\">www.planetariodeubeda.aaquarks.com<\/a><\/p>\n","protected":false},"excerpt":{"rendered":"<p>Planetario de \u00dabeda, Ja\u00e9n Planetario de \u00dabeda, Ja\u00e9n Abierto al p\u00fablico desde 2001, el planetario de \u00dabeda ha sido dise\u00f1ado, desarrollado y construido de forma artesanal por miembros de la\u00a0asociaci\u00f3n astron\u00f3mica Quarks, incluyendo el&#46;&#46;&#46;<\/p>\n","protected":false},"author":1,"featured_media":0,"parent":0,"menu_order":0,"comment_status":"open","ping_status":"closed","template":"","meta":{"footnotes":""},"class_list":["post-53","page","type-page","status-publish","hentry"],"_links":{"self":[{"href":"https:\/\/aaquarks.com\/blog\/index.php?rest_route=\/wp\/v2\/pages\/53","targetHints":{"allow":["GET"]}}],"collection":[{"href":"https:\/\/aaquarks.com\/blog\/index.php?rest_route=\/wp\/v2\/pages"}],"about":[{"href":"https:\/\/aaquarks.com\/blog\/index.php?rest_route=\/wp\/v2\/types\/page"}],"author":[{"embeddable":true,"href":"https:\/\/aaquarks.com\/blog\/index.php?rest_route=\/wp\/v2\/users\/1"}],"replies":[{"embeddable":true,"href":"https:\/\/aaquarks.com\/blog\/index.php?rest_route=%2Fwp%2Fv2%2Fcomments&post=53"}],"version-history":[{"count":8,"href":"https:\/\/aaquarks.com\/blog\/index.php?rest_route=\/wp\/v2\/pages\/53\/revisions"}],"predecessor-version":[{"id":214,"href":"https:\/\/aaquarks.com\/blog\/index.php?rest_route=\/wp\/v2\/pages\/53\/revisions\/214"}],"wp:attachment":[{"href":"https:\/\/aaquarks.com\/blog\/index.php?rest_route=%2Fwp%2Fv2%2Fmedia&parent=53"}],"curies":[{"name":"wp","href":"https:\/\/api.w.org\/{rel}","templated":true}]}}