{"id":50,"date":"2015-01-07T17:52:01","date_gmt":"2015-01-07T16:52:01","guid":{"rendered":"http:\/\/aaquarks.com\/blog\/?page_id=50"},"modified":"2023-10-23T19:02:20","modified_gmt":"2023-10-23T17:02:20","slug":"actividades","status":"publish","type":"page","link":"https:\/\/aaquarks.com\/blog\/?page_id=50","title":{"rendered":"Actividades"},"content":{"rendered":"\n<pre class=\"wp-block-code\"><code><\/code><\/pre>\n\n\n\n<h2 class=\"wp-block-heading has-text-align-center\"><b>Programaci\u00f3n anual<\/b><\/h2>\n\n\n\n<p class=\"has-text-align-center\"><em>Asociaci\u00f3n Astron\u00f3mica Quarks <br>Planetario de \u00dabeda &#8211; Centro de Divulgaci\u00f3n Astron\u00f3mico de \u00abLa Fresnedilla\u00bb<\/em><\/p>\n\n\n\n<p><strong>\u00c1rea de Divulgaci\u00f3n<\/strong><\/p>\n\n\n\n<ul class=\"wp-block-list\">\n<li>Jornadas de puertas abiertas en el <a title=\"Planetario de \u00dabeda\" href=\"http:\/\/aaquarks.com\/blog\/?page_id=53\">Planetario de \u00dabeda<\/a> y en el<a title=\"Observatorio de La Fresnedilla\" href=\"http:\/\/aaquarks.com\/blog\/?page_id=56\"> Centro de Divulgaci\u00f3n Astron\u00f3mico de La Fresnedilla<\/a>.<\/li>\n\n\n\n<li>Eventos de la Semana de la Ciencia.<\/li>\n\n\n\n<li>Visitas guiadas al <a title=\"Observatorio de La Fresnedilla\" href=\"http:\/\/aaquarks.com\/blog\/?page_id=56\">Centro de Divulgaci\u00f3n Astron\u00f3mico de La Fresnedilla<\/a>.<\/li>\n\n\n\n<li>Programa \u00abAsociaciones en el Observatorio de La Fresnedilla\u00bb.<\/li>\n\n\n\n<li>Programa \u00abAsociaciones en el Planetario de \u00dabeda\u00bb.<\/li>\n\n\n\n<li>Colaboraci\u00f3n con entidades.<\/li>\n<\/ul>\n\n\n\n<p><strong>\u00c1rea de Educaci\u00f3n<\/strong><\/p>\n\n\n\n<ul class=\"wp-block-list\">\n<li>Convenios con centros de educativos.<\/li>\n\n\n\n<li><a href=\"http:\/\/www.aaquarks.com\/web\/Asociacion_Astronomica_Quarks\/Jornadas_de_la_Ciencia.html\">Jornadas de Ciencia para tod@s<\/a>.<\/li>\n\n\n\n<li>Concurso escolar \u00abCiencia, tecnolog\u00eda y medioambiente\u00bb.<\/li>\n<\/ul>\n\n\n\n<p><strong>\u00c1rea de Investigaci\u00f3n<\/strong><\/p>\n\n\n\n<ul class=\"wp-block-list\">\n<li>Proyecto NIXNOX.<\/li>\n\n\n\n<li>Proyecto PMCL.<\/li>\n<\/ul>\n\n\n\n<p><strong>\u00c1rea de Desarrollo Tecnol\u00f3gico<\/strong><\/p>\n\n\n\n<ul class=\"wp-block-list\">\n<li><a title=\"Planetario de \u00dabeda\" href=\"http:\/\/aaquarks.com\/blog\/?page_id=53\">Planetario de \u00dabeda<\/a>.<\/li>\n\n\n\n<li><a title=\"Observatorio de La Fresnedilla\" href=\"http:\/\/aaquarks.com\/blog\/?page_id=56\">Centro de Divulgaci\u00f3n Astron\u00f3mico de La Fresnedilla<\/a>.<\/li>\n\n\n\n<li>Astrofotograf\u00eda.<\/li>\n\n\n\n<li>Futuros proyectos: Observatorio renacentista y Museo de la ciencia del Renacimiento<\/li>\n<\/ul>\n\n\n\n<p><strong>Calendario de actividades y eventos<\/strong><\/p>\n\n\n\n<iframe loading=\"lazy\" src=\"https:\/\/calendar.google.com\/calendar\/embed?height=600&#038;wkst=2&#038;bgcolor=%23ffffff&#038;ctz=Europe%2FMadrid&#038;showTitle=0&#038;showNav=1&#038;showPrint=0&#038;showTabs=1&#038;showCalendars=1&#038;showTz=1&#038;title=Actividades&#038;src=NmRhZjQ0OGIyNmQ4NzYwMGI3NjI1OWQxNWM3MDI5M2I2ZmU3N2M3MzNiNGZlMTVkODg3NDM2ODUxYTQwNTk2NEBncm91cC5jYWxlbmRhci5nb29nbGUuY29t&#038;color=%23039BE5\" style=\"border-width:0\" width=\"700\" height=\"600\" frameborder=\"0\" scrolling=\"no\"><\/iframe>\n","protected":false},"excerpt":{"rendered":"<p>Programaci\u00f3n anual Asociaci\u00f3n Astron\u00f3mica Quarks Planetario de \u00dabeda &#8211; Centro de Divulgaci\u00f3n Astron\u00f3mico de \u00abLa Fresnedilla\u00bb \u00c1rea de Divulgaci\u00f3n \u00c1rea de Educaci\u00f3n \u00c1rea de Investigaci\u00f3n \u00c1rea de Desarrollo Tecnol\u00f3gico Calendario de actividades y eventos<\/p>\n","protected":false},"author":1,"featured_media":0,"parent":0,"menu_order":0,"comment_status":"open","ping_status":"closed","template":"","meta":{"footnotes":""},"class_list":["post-50","page","type-page","status-publish","hentry"],"_links":{"self":[{"href":"https:\/\/aaquarks.com\/blog\/index.php?rest_route=\/wp\/v2\/pages\/50","targetHints":{"allow":["GET"]}}],"collection":[{"href":"https:\/\/aaquarks.com\/blog\/index.php?rest_route=\/wp\/v2\/pages"}],"about":[{"href":"https:\/\/aaquarks.com\/blog\/index.php?rest_route=\/wp\/v2\/types\/page"}],"author":[{"embeddable":true,"href":"https:\/\/aaquarks.com\/blog\/index.php?rest_route=\/wp\/v2\/users\/1"}],"replies":[{"embeddable":true,"href":"https:\/\/aaquarks.com\/blog\/index.php?rest_route=%2Fwp%2Fv2%2Fcomments&post=50"}],"version-history":[{"count":14,"href":"https:\/\/aaquarks.com\/blog\/index.php?rest_route=\/wp\/v2\/pages\/50\/revisions"}],"predecessor-version":[{"id":4303,"href":"https:\/\/aaquarks.com\/blog\/index.php?rest_route=\/wp\/v2\/pages\/50\/revisions\/4303"}],"wp:attachment":[{"href":"https:\/\/aaquarks.com\/blog\/index.php?rest_route=%2Fwp%2Fv2%2Fmedia&parent=50"}],"curies":[{"name":"wp","href":"https:\/\/api.w.org\/{rel}","templated":true}]}}