{"id":2,"date":"2015-01-04T14:04:42","date_gmt":"2015-01-04T14:04:42","guid":{"rendered":"http:\/\/aaquarks.com\/blog\/?page_id=2"},"modified":"2015-01-07T17:54:53","modified_gmt":"2015-01-07T16:54:53","slug":"pagina-ejemplo","status":"publish","type":"page","link":"https:\/\/aaquarks.com\/blog\/?page_id=2","title":{"rendered":"Sobre nosotros"},"content":{"rendered":"<p><strong>\u00bfQui\u00e9nes somos?<\/strong><\/p>\n<p>En 1989, \u00dabeda disfrutaba de un cielo oscuro e impresionante que embarc\u00f3 a un grupo de amigos en la aventura de abrir una ventana para su observaci\u00f3n y, a la vez, divulgar conocimientos sobre \u00e9l. Eran\u00a0 tiempos de escasez de instrumental pero de excesos de imaginaci\u00f3n y entusiasmo. De esta forma vio su primera luz la <strong>Asociaci\u00f3n Astron\u00f3mica Quarks<\/strong>, cuya denominaci\u00f3n surge de una idea muy sencilla: partir de lo muy peque\u00f1o para explicar y conocer lo m\u00e1s inmenso.<\/p>\n<p>En estos m\u00e1s de veinticinco a\u00f1os la asociaci\u00f3n ha crecido en n\u00famero de socios, equipamiento, desarrollo de instrumental e infraestructura, al mismo ritmo que nuestro cielo se ha deteriorado deslumbrado por la iluminaci\u00f3n monumental de la comarca de \u00dabeda y Baeza, ciudades Patrimonio de la Humanidad.<\/p>\n<p>Actualmente la asociaci\u00f3n est\u00e1 compuesta por m\u00e1s de cien asociados de toda la provincia de Ja\u00e9n.<\/p>\n<p><strong>\u00bfQu\u00e9 hacemos?<\/strong><\/p>\n<p>Entre las numerosas actividades que organiza nuestra asociaci\u00f3n destacan:<\/p>\n<ul>\n<li><b>Sesiones de observaci\u00f3n<\/b>. Nuestra asociaci\u00f3n promueve peri\u00f3dicamente la realizaci\u00f3n de sesiones de observaci\u00f3n en distintos parajes naturales como la Sierra de Las Villas, la Ca\u00f1ada Real del Paso o el Cerro Almad\u00e9n. De forma extraordinaria se realizan las sesiones dentro del casco urbano, abiertas al p\u00fablico en general.<\/li>\n<li><b>Desarrollo de infraestructuras<\/b>. La inexistencia de infraestructuras destinadas a la ense\u00f1anza y divulgaci\u00f3n de la ciencia en nuestra comunidad, motiv\u00f3 hace una d\u00e9cada el dise\u00f1o de un ambicioso proyecto que sit\u00faa hoy d\u00eda a Ja\u00e9n a la cabeza de Andaluc\u00eda en equipamiento docente y divulgativo. Dicho proyecto se ampara en la ejecuci\u00f3n de dos grandes centros: el <a title=\"Planetario de \u00dabeda\" href=\"http:\/\/aaquarks.com\/blog\/?page_id=53\">Planetario de \u00dabeda<\/a> y el <a title=\"Observatorio de La Fresnedilla\" href=\"http:\/\/aaquarks.com\/blog\/?page_id=56\">Centro de Divulgaci\u00f3n Astron\u00f3mico de \u00abLa Fresnedilla\u00bb<\/a>.<\/li>\n<li><b>Divulgaci\u00f3n y ense\u00f1anza de la astronom\u00eda<\/b>. La asociaci\u00f3n desarrolla una labor continua de divulgaci\u00f3n y ense\u00f1anza de la astronom\u00eda. La actividad que lleva a cabo revierte en colectivos muy diversos como centros educativos, asociaciones culturales y de vecinos, empresas de turismos, grupos de mayores o ayuntamientos. Toda esta labor se realiza gracias al trabajo de los socios que de forma desinteresada y altruista promueven iniciativas encaminadas a la divulgaci\u00f3n cient\u00edfica.<\/li>\n<li><b>Colaboraci\u00f3n con organismos y entidades<\/b>. El apoyo de organismos e instituciones ha contribuido a que todos nuestros proyectos vean la luz. La asociaci\u00f3n ha establecido convenios de colaboraci\u00f3n con los Excmos. Ayuntamientos de \u00dabeda y Villacarrillo, ha desarrollado actividades en colaboraci\u00f3n con la Diputaci\u00f3n de Ja\u00e9n, Festival Internacional del Aire, Consejer\u00eda de Turismo, Comercio y Deporte, la FECYT en el desarrollo de nuevos programas para el Planetario de \u00dabeda y, de una manera muy especial, con el Parque de las Ciencias de Granada, participando con su apoyo en el desarrollo del Centro de Divulgaci\u00f3n de la Fresnedilla.<\/li>\n<li><b>Instrumentaci\u00f3n<\/b>. Durante los primeros a\u00f1os de la asociaci\u00f3n se construyeron m\u00e1s de 50 telescopios junto con monturas, lentes, ara\u00f1as y portaoculares de una manera completamente artesanal. Desde entonces no s\u00f3lo seguimos construyendo nuestros propios telescopios si no que varios compa\u00f1eros han construido m\u00e1quinas pulidoras de espejos. A la construcci\u00f3n de espejos pronto se incorpor\u00f3 el reto de dise\u00f1ar y montar c\u00fapulas y observatorios que los alojaran. Fruto de este empe\u00f1o conseguimos desarrollar cinco observatorios privados y dos p\u00fablicos.<\/li>\n<\/ul>\n<p>Si deseas m\u00e1s informaci\u00f3n puedes consultar la <a title=\"Actividades\" href=\"http:\/\/aaquarks.com\/blog\/?page_id=50\"><em>Secci\u00f3n de Actividades<\/em><\/a> o ponerte en contacto con nosotros a trav\u00e9s de nuestra direcci\u00f3n de correo electr\u00f3nico.<\/p>\n<p><strong>\u00bfC\u00f3mo contactar con nosotros?<\/strong><\/p>\n<p>Puedes contactar con nosotros a trav\u00e9s de nuestra direcci\u00f3n de correo electr\u00f3nico:<\/p>\n<p style=\"text-align: center;\"><a href=\"mailto:aaquarks@aaquarks.com\">aaquarks@aaquarks.com<\/a><\/p>\n<p>Para informaci\u00f3n y reservas del <a title=\"Planetario de \u00dabeda\" href=\"http:\/\/aaquarks.com\/blog\/?page_id=53\">Planetario de \u00dabeda<\/a> o el <a title=\"Observatorio de La Fresnedilla\" href=\"http:\/\/aaquarks.com\/blog\/?page_id=56\">Centro de Divulgaci\u00f3n Astron\u00f3mico de \u00abLa Fresnedilla\u00bb<\/a>, consulta las secciones que tenemos dedicadas a ellos.<\/p>\n","protected":false},"excerpt":{"rendered":"<p>\u00bfQui\u00e9nes somos? En 1989, \u00dabeda disfrutaba de un cielo oscuro e impresionante que embarc\u00f3 a un grupo de amigos en la aventura de abrir una ventana para su observaci\u00f3n y, a la vez, divulgar&#46;&#46;&#46;<\/p>\n","protected":false},"author":1,"featured_media":0,"parent":0,"menu_order":0,"comment_status":"open","ping_status":"closed","template":"","meta":{"footnotes":""},"class_list":["post-2","page","type-page","status-publish","hentry"],"_links":{"self":[{"href":"https:\/\/aaquarks.com\/blog\/index.php?rest_route=\/wp\/v2\/pages\/2","targetHints":{"allow":["GET"]}}],"collection":[{"href":"https:\/\/aaquarks.com\/blog\/index.php?rest_route=\/wp\/v2\/pages"}],"about":[{"href":"https:\/\/aaquarks.com\/blog\/index.php?rest_route=\/wp\/v2\/types\/page"}],"author":[{"embeddable":true,"href":"https:\/\/aaquarks.com\/blog\/index.php?rest_route=\/wp\/v2\/users\/1"}],"replies":[{"embeddable":true,"href":"https:\/\/aaquarks.com\/blog\/index.php?rest_route=%2Fwp%2Fv2%2Fcomments&post=2"}],"version-history":[{"count":2,"href":"https:\/\/aaquarks.com\/blog\/index.php?rest_route=\/wp\/v2\/pages\/2\/revisions"}],"predecessor-version":[{"id":59,"href":"https:\/\/aaquarks.com\/blog\/index.php?rest_route=\/wp\/v2\/pages\/2\/revisions\/59"}],"wp:attachment":[{"href":"https:\/\/aaquarks.com\/blog\/index.php?rest_route=%2Fwp%2Fv2%2Fmedia&parent=2"}],"curies":[{"name":"wp","href":"https:\/\/api.w.org\/{rel}","templated":true}]}}